{"id":16,"date":"2019-09-17T10:48:20","date_gmt":"2019-09-17T08:48:20","guid":{"rendered":"http:\/\/www.cpasdedurbuy.be\/?page_id=16"},"modified":"2025-10-03T13:54:07","modified_gmt":"2025-10-03T11:54:07","slug":"accueil","status":"publish","type":"page","link":"http:\/\/www.cpasdedurbuy.be\/","title":{"rendered":"Bienvenue&#8230;"},"content":{"rendered":"\t\t<div data-elementor-type=\"wp-page\" data-elementor-id=\"16\" class=\"elementor elementor-16\">\n\t\t\t\t\t\t<div class=\"elementor-inner\">\n\t\t\t\t<div class=\"elementor-section-wrap\">\n\t\t\t\t\t\t\t\t\t<section class=\"elementor-section elementor-top-section elementor-element elementor-element-ff1b6f4 elementor-section-boxed elementor-section-height-default elementor-section-height-default\" data-id=\"ff1b6f4\" data-element_type=\"section\">\n\t\t\t\t\t\t<div class=\"elementor-container elementor-column-gap-default\">\n\t\t\t\t\t\t\t<div class=\"elementor-row\">\n\t\t\t\t\t<div class=\"elementor-column elementor-col-100 elementor-top-column elementor-element elementor-element-66ea6a2\" data-id=\"66ea6a2\" data-element_type=\"column\">\n\t\t\t<div class=\"elementor-column-wrap elementor-element-populated\">\n\t\t\t\t\t\t\t<div class=\"elementor-widget-wrap\">\n\t\t\t\t\t\t<section class=\"elementor-section elementor-inner-section elementor-element elementor-element-35c3538 elementor-section-boxed elementor-section-height-default elementor-section-height-default\" data-id=\"35c3538\" data-element_type=\"section\">\n\t\t\t\t\t\t<div class=\"elementor-container elementor-column-gap-default\">\n\t\t\t\t\t\t\t<div class=\"elementor-row\">\n\t\t\t\t\t<div class=\"elementor-column elementor-col-50 elementor-inner-column elementor-element elementor-element-99afd84\" data-id=\"99afd84\" data-element_type=\"column\">\n\t\t\t<div class=\"elementor-column-wrap elementor-element-populated\">\n\t\t\t\t\t\t\t<div class=\"elementor-widget-wrap\">\n\t\t\t\t\t\t<div class=\"elementor-element elementor-element-1fcaad1 elementor-widget elementor-widget-text-editor\" data-id=\"1fcaad1\" data-element_type=\"widget\" data-widget_type=\"text-editor.default\">\n\t\t\t\t<div class=\"elementor-widget-container\">\n\t\t\t\t\t\t\t\t<div class=\"elementor-text-editor elementor-clearfix\">\n\t\t\t\t<h3>Des questions concernant la fin de droit aux allocations de ch\u00f4mage :<\/h3>\n<h2><a href=\"http:\/\/www.cpasdedurbuy.be\/index.php\/fin-de-droit-aux-allocations-de-chomage-au-1-01-2026-des-questions-sur-vos-droits-aupres-du-cpas\/\" target=\"_blank\" rel=\"noopener\">Cliquez ici \u2192<\/a><\/h2>\t\t\t\t\t<\/div>\n\t\t\t\t\t\t<\/div>\n\t\t\t\t<\/div>\n\t\t\t\t\t\t<\/div>\n\t\t\t\t\t<\/div>\n\t\t<\/div>\n\t\t\t\t<div class=\"elementor-column elementor-col-50 elementor-inner-column elementor-element elementor-element-ca182ca\" data-id=\"ca182ca\" data-element_type=\"column\">\n\t\t\t<div class=\"elementor-column-wrap elementor-element-populated\">\n\t\t\t\t\t\t\t<div class=\"elementor-widget-wrap\">\n\t\t\t\t\t\t<div class=\"elementor-element elementor-element-eb1665c elementor-widget elementor-widget-image\" data-id=\"eb1665c\" data-element_type=\"widget\" data-widget_type=\"image.default\">\n\t\t\t\t<div class=\"elementor-widget-container\">\n\t\t\t\t\t\t\t\t<div class=\"elementor-image\">\n\t\t\t\t\t\t\t\t\t\t\t\t\t<a href=\"http:\/\/www.cpasdedurbuy.be\/index.php\/fin-de-droit-aux-allocations-de-chomage-au-1-01-2026-des-questions-sur-vos-droits-aupres-du-cpas\/\" target=\"_blank\">\n\t\t\t\t\t\t\t<img decoding=\"async\" width=\"300\" height=\"173\" src=\"http:\/\/www.cpasdedurbuy.be\/wp-content\/uploads\/2025\/10\/20251003-Affiche-extrait-300x173.jpg\" class=\"attachment-medium size-medium wp-image-215\" alt=\"Accroche\" loading=\"lazy\" srcset=\"http:\/\/www.cpasdedurbuy.be\/wp-content\/uploads\/2025\/10\/20251003-Affiche-extrait-300x173.jpg 300w, http:\/\/www.cpasdedurbuy.be\/wp-content\/uploads\/2025\/10\/20251003-Affiche-extrait-768x442.jpg 768w, http:\/\/www.cpasdedurbuy.be\/wp-content\/uploads\/2025\/10\/20251003-Affiche-extrait.jpg 919w\" sizes=\"(max-width: 300px) 85vw, 300px\" \/>\t\t\t\t\t\t\t\t<\/a>\n\t\t\t\t\t\t\t\t\t\t\t\t\t\t<\/div>\n\t\t\t\t\t\t<\/div>\n\t\t\t\t<\/div>\n\t\t\t\t\t\t<\/div>\n\t\t\t\t\t<\/div>\n\t\t<\/div>\n\t\t\t\t\t\t\t\t<\/div>\n\t\t\t\t\t<\/div>\n\t\t<\/section>\n\t\t\t\t\t\t<\/div>\n\t\t\t\t\t<\/div>\n\t\t<\/div>\n\t\t\t\t\t\t\t\t<\/div>\n\t\t\t\t\t<\/div>\n\t\t<\/section>\n\t\t\t\t<section class=\"elementor-section elementor-top-section elementor-element elementor-element-edb600c elementor-section-boxed elementor-section-height-default elementor-section-height-default\" data-id=\"edb600c\" data-element_type=\"section\">\n\t\t\t\t\t\t<div class=\"elementor-container elementor-column-gap-default\">\n\t\t\t\t\t\t\t<div class=\"elementor-row\">\n\t\t\t\t\t<div class=\"elementor-column elementor-col-100 elementor-top-column elementor-element elementor-element-3692172\" data-id=\"3692172\" data-element_type=\"column\">\n\t\t\t<div class=\"elementor-column-wrap elementor-element-populated\">\n\t\t\t\t\t\t\t<div class=\"elementor-widget-wrap\">\n\t\t\t\t\t\t<div class=\"elementor-element elementor-element-6bdd5fa elementor-widget elementor-widget-google_maps\" data-id=\"6bdd5fa\" data-element_type=\"widget\" data-widget_type=\"google_maps.default\">\n\t\t\t\t<div class=\"elementor-widget-container\">\n\t\t\t\t\t<div class=\"elementor-custom-embed\">\n\t\t\t<iframe loading=\"lazy\"\n\t\t\t\t\tsrc=\"https:\/\/maps.google.com\/maps?q=CPAS%20de%20Durbuy%20-%20rue%20des%20Ardennes%2078%20-%206941%20Bomal-sur-Ourthe&#038;t=m&#038;z=15&#038;output=embed&#038;iwloc=near\"\n\t\t\t\t\ttitle=\"CPAS de Durbuy - rue des Ardennes 78 - 6941 Bomal-sur-Ourthe\"\n\t\t\t\t\taria-label=\"CPAS de Durbuy - rue des Ardennes 78 - 6941 Bomal-sur-Ourthe\"\n\t\t\t><\/iframe>\n\t\t<\/div>\n\t\t\t\t<\/div>\n\t\t\t\t<\/div>\n\t\t\t\t\t\t<\/div>\n\t\t\t\t\t<\/div>\n\t\t<\/div>\n\t\t\t\t\t\t\t\t<\/div>\n\t\t\t\t\t<\/div>\n\t\t<\/section>\n\t\t\t\t<section class=\"elementor-section elementor-top-section elementor-element elementor-element-1c2d2954 elementor-section-boxed elementor-section-height-default elementor-section-height-default\" data-id=\"1c2d2954\" data-element_type=\"section\">\n\t\t\t\t\t\t<div class=\"elementor-container elementor-column-gap-default\">\n\t\t\t\t\t\t\t<div class=\"elementor-row\">\n\t\t\t\t\t<div class=\"elementor-column elementor-col-100 elementor-top-column elementor-element elementor-element-3170980a\" data-id=\"3170980a\" data-element_type=\"column\">\n\t\t\t<div class=\"elementor-column-wrap elementor-element-populated\">\n\t\t\t\t\t\t\t<div class=\"elementor-widget-wrap\">\n\t\t\t\t\t\t<div class=\"elementor-element elementor-element-58f57fb5 elementor-widget elementor-widget-text-editor\" data-id=\"58f57fb5\" data-element_type=\"widget\" data-widget_type=\"text-editor.default\">\n\t\t\t\t<div class=\"elementor-widget-container\">\n\t\t\t\t\t\t\t\t<div class=\"elementor-text-editor elementor-clearfix\">\n\t\t\t\t<p><!-- wp:paragraph --><\/p>\n<h3><u style=\"font-size: 1.1875rem; font-family: var( --e-global-typography-text-font-family ), Sans-serif;\">Le CPAS de DURBUY est accessible&nbsp;<strong style=\"font-size: 1.1875rem; font-family: var( --e-global-typography-text-font-family ), Sans-serif;\">par t\u00e9l\u00e9phone ou mail<\/strong><\/u><span style=\"font-size: 1.1875rem; font-family: var( --e-global-typography-text-font-family ), Sans-serif;\"><u>.<\/u>&nbsp;<\/span><\/h3>\n<p>Un travailleur social du Service Social d&rsquo;Accueil vous r\u00e9pond au 086\/349.350 <span style=\"font-family: var( --e-global-typography-text-font-family ), Sans-serif; font-size: 1rem; font-weight: var( --e-global-typography-text-font-weight );\">du lundi au vendredi de 9.00 \u00e0 12.00 et de 13.30 \u00e0 16.00. En cas de modification de ces horaires, une affiche \u00e0 l&rsquo;entr\u00e9e le pr\u00e9cise et la messagerie est adapt\u00e9e.<\/span><\/p>\n<p><!-- \/wp:list --><!-- wp:paragraph --><\/p>\n<p>Par mail : <a href=\"mailto:vosquestions@cpasdedurbuy.be\" target=\"_blank\" rel=\"noopener\">vosquestions@cpasdedurbuy.be<\/a>, votre demande sera transf\u00e9r\u00e9e \u00e0 la personne concern\u00e9e.<\/p>\n<p><!-- \/wp:list --><!-- wp:paragraph --><\/p>\n<h5 style=\"margin-top: 2.94737em; margin-bottom: 1.47368em; line-height: 1.10526;\"><span style=\"font-size: 1.1875rem; font-family: var( --e-global-typography-text-font-family ), Sans-serif;\"><u>Le b\u00e2timent est accessible :&nbsp;<\/u><\/span><\/h5>\n<div>Pour retirer des documents sp\u00e9cifiques, obtenir une information, prendre un rendez-vous :&nbsp;<\/div>\n<ul>\n<li style=\"list-style-type: none;\">\n<ul>\n<li><span style=\"font-family: var( --e-global-typography-text-font-family ), Sans-serif; font-size: 1rem; font-weight: var( --e-global-typography-text-font-weight ); text-align: center;\">du lundi au vendredi de 9.00 \u00e0 12.00 et de 13.00 \u00e0 16.00.<\/span><\/li>\n<\/ul>\n<\/li>\n<\/ul>\n<p><span style=\"font-family: var( --e-global-typography-text-font-family ), Sans-serif; font-size: 1rem; font-weight: var( --e-global-typography-text-font-weight ); text-align: center;\">Vous pouvez d\u00e9poser directement vos courriers et documents dans la bo\u00eete aux lettres ext\u00e9rieure.&nbsp;<\/span><\/p>\n<p><span style=\"font-family: var( --e-global-typography-text-font-family ), Sans-serif; font-size: 1rem; font-weight: var( --e-global-typography-text-font-weight ); text-align: center;\">&nbsp;<\/span><u style=\"font-family: var( --e-global-typography-text-font-family ), Sans-serif; font-size: 1.1875rem; font-weight: 900;\">Les travailleurs sociaux vous re\u00e7oivent sur rendez-vous :&nbsp;<\/u><\/p>\n<ul>\n<li style=\"list-style-type: none;\">\n<ul>\n<li>S&rsquo;il est d\u00e9j\u00e0 d\u00e9sign\u00e9, prenez contact avec le travailleur social du service concern\u00e9 par votre demande;<\/li>\n<li><span style=\"font-family: var( --e-global-typography-text-font-family ), Sans-serif; font-weight: var( --e-global-typography-text-font-weight ); font-size: 1rem;\">A d\u00e9faut, adressez vous au Service Social d&rsquo;Accueil.<\/span><\/li>\n<\/ul>\n<\/li>\n<\/ul>\n<p><span style=\"font-family: var( --e-global-typography-text-font-family ), Sans-serif; font-weight: var( --e-global-typography-text-font-weight ); font-size: 1rem;\">Merci pour votre collaboration et votre compr\u00e9hension.<\/span><\/p>\n<p><u style=\"font-family: var( --e-global-typography-text-font-family ), Sans-serif; font-size: 1.1875rem; font-weight: 900;\">Le CPAS sera ferm\u00e9 les p\u00e9riodes suivantes :&nbsp;<\/u><\/p>\n<ul>\n<li style=\"list-style-type: none;\">\n<ul>\n<li><span style=\"font-family: var( --e-global-typography-text-font-family ), Sans-serif; font-weight: var( --e-global-typography-text-font-weight ); font-size: 1rem;\">le mardi 10\/12\/2024 d\u00e8s 12.00;<\/span><\/li><li><span style=\"font-family: var( --e-global-typography-text-font-family ), Sans-serif; font-weight: var( --e-global-typography-text-font-weight ); font-size: 1rem;\">du mardi 24\/12\/2024 d\u00e8s 12.00 au jeudi 26\/12\/2024 inclus;<\/span><\/li>\n<li><span style=\"font-family: var( --e-global-typography-text-font-family ), Sans-serif; font-weight: var( --e-global-typography-text-font-weight ); font-size: 1rem;\">du mardi 31\/12\/2024 d\u00e8s 12.00 au jeudi 2\/01\/2025 inclus.<\/span><\/li>\n<\/ul>\n<\/li>\n<\/ul>\n<p><!-- \/wp:list --><\/p>\t\t\t\t\t<\/div>\n\t\t\t\t\t\t<\/div>\n\t\t\t\t<\/div>\n\t\t\t\t\t\t<\/div>\n\t\t\t\t\t<\/div>\n\t\t<\/div>\n\t\t\t\t\t\t\t\t<\/div>\n\t\t\t\t\t<\/div>\n\t\t<\/section>\n\t\t\t\t\t\t\t\t\t<\/div>\n\t\t\t<\/div>\n\t\t\t\t\t<\/div>\n\t\t","protected":false},"excerpt":{"rendered":"<p>Des questions concernant la fin de droit aux allocations de ch\u00f4mage : Cliquez ici \u2192 Le CPAS de DURBUY est accessible&nbsp;par t\u00e9l\u00e9phone ou mail.&nbsp; Un travailleur social du Service Social d&rsquo;Accueil vous r\u00e9pond au 086\/349.350 du lundi au vendredi de 9.00 \u00e0 12.00 et de 13.30 \u00e0 16.00. En cas de modification de ces horaires, &hellip; <a href=\"http:\/\/www.cpasdedurbuy.be\/\" class=\"more-link\">Continuer la lecture<span class=\"screen-reader-text\"> de &laquo;&nbsp;Bienvenue&#8230;&nbsp;&raquo;<\/span><\/a><\/p>\n","protected":false},"author":2,"featured_media":0,"parent":0,"menu_order":0,"comment_status":"closed","ping_status":"closed","template":"","meta":[],"_links":{"self":[{"href":"http:\/\/www.cpasdedurbuy.be\/index.php\/wp-json\/wp\/v2\/pages\/16"}],"collection":[{"href":"http:\/\/www.cpasdedurbuy.be\/index.php\/wp-json\/wp\/v2\/pages"}],"about":[{"href":"http:\/\/www.cpasdedurbuy.be\/index.php\/wp-json\/wp\/v2\/types\/page"}],"author":[{"embeddable":true,"href":"http:\/\/www.cpasdedurbuy.be\/index.php\/wp-json\/wp\/v2\/users\/2"}],"replies":[{"embeddable":true,"href":"http:\/\/www.cpasdedurbuy.be\/index.php\/wp-json\/wp\/v2\/comments?post=16"}],"version-history":[{"count":47,"href":"http:\/\/www.cpasdedurbuy.be\/index.php\/wp-json\/wp\/v2\/pages\/16\/revisions"}],"predecessor-version":[{"id":221,"href":"http:\/\/www.cpasdedurbuy.be\/index.php\/wp-json\/wp\/v2\/pages\/16\/revisions\/221"}],"wp:attachment":[{"href":"http:\/\/www.cpasdedurbuy.be\/index.php\/wp-json\/wp\/v2\/media?parent=16"}],"curies":[{"name":"wp","href":"https:\/\/api.w.org\/{rel}","templated":true}]}}